{"id":12,"date":"2010-09-20T13:56:33","date_gmt":"2010-09-20T13:56:33","guid":{"rendered":"http:\/\/server2.ahja.ch\/~neuhausm\/?page_id=12"},"modified":"2023-04-04T13:31:13","modified_gmt":"2023-04-04T11:31:13","slug":"uber-mich-2","status":"publish","type":"page","link":"https:\/\/www.neuhausm.ch\/?page_id=12","title":{"rendered":"\u00fcber mich"},"content":{"rendered":"<p><a href=\"http:\/\/www.neuhausm.ch\/wp-content\/uploads\/2010\/09\/ich_braun.jpg\"><img loading=\"lazy\" decoding=\"async\" class=\"alignnone size-medium wp-image-29\" title=\"Manfred Neuhaus\" src=\"http:\/\/www.neuhausm.ch\/wp-content\/uploads\/2010\/09\/ich_braun-224x300.jpg\" alt=\"\" width=\"224\" height=\"300\" srcset=\"https:\/\/www.neuhausm.ch\/wp-content\/uploads\/2010\/09\/ich_braun-224x300.jpg 224w, https:\/\/www.neuhausm.ch\/wp-content\/uploads\/2010\/09\/ich_braun-767x1024.jpg 767w, https:\/\/www.neuhausm.ch\/wp-content\/uploads\/2010\/09\/ich_braun.jpg 1166w\" sizes=\"auto, (max-width: 224px) 100vw, 224px\" \/><\/a><\/p>\n<p><span style=\"color: #000000;\"><strong>Verkauf von Original-Bildern der folgenden Schweizer K\u00fcnstler :<\/strong><\/span><\/p>\n<p><span style=\"color: #6b18e6;\"><strong>Albert Anker, Cuno Amiet, Ferdinand Hodler, Hans Kr\u00fcsi, F\u00e9lix Vallotton<\/strong><\/span><\/p>\n<p><span style=\"color: #000000;\"><strong>Kontakt: Manfred Neuhaus<\/strong> <\/span><\/p>\n<p><span style=\"color: #000000;\">Telefon: +41(0)78 614 76 16, manfred.neuhaus1@gmail.com<\/span><\/p>\n<p>Meine Devise :<\/p>\n<p><span style=\"color: #000000;\">Nur zufriedene Kunden sind gute Kunden: Zufrieden oder Geld zur\u00fcck! (R\u00fcckgabe innerhalb von 3 Monaten m\u00f6glich)<br \/>\n<\/span><\/p>\n","protected":false},"excerpt":{"rendered":"<a href=\"https:\/\/www.neuhausm.ch\/?page_id=12\"><img loading=\"lazy\" decoding=\"async\" width=\"150\" height=\"150\" src=\"https:\/\/www.neuhausm.ch\/wp-content\/plugins\/thumbnail-for-excerpts\/tfe_no_thumb.png\" class=\"alignleft wp-post-image tfe\" alt=\"\" title=\"\" \/><\/a><p>Verkauf von Original-Bildern der folgenden Schweizer K\u00fcnstler : Albert Anker, Cuno Amiet, Ferdinand Hodler, Hans Kr\u00fcsi, F\u00e9lix Vallotton Kontakt: Manfred Neuhaus Telefon: +41(0)78 614 76 16, manfred.neuhaus1@gmail.com Meine Devise : Nur zufriedene Kunden sind gute Kunden: Zufrieden oder Geld zur\u00fcck! &hellip; <a href=\"https:\/\/www.neuhausm.ch\/?page_id=12\">Weiterlesen <span class=\"meta-nav\">&rarr;<\/span><\/a><\/p>\n","protected":false},"author":2,"featured_media":0,"parent":0,"menu_order":1,"comment_status":"open","ping_status":"open","template":"","meta":{"footnotes":""},"class_list":["post-12","page","type-page","status-publish","hentry"],"_links":{"self":[{"href":"https:\/\/www.neuhausm.ch\/index.php?rest_route=\/wp\/v2\/pages\/12","targetHints":{"allow":["GET"]}}],"collection":[{"href":"https:\/\/www.neuhausm.ch\/index.php?rest_route=\/wp\/v2\/pages"}],"about":[{"href":"https:\/\/www.neuhausm.ch\/index.php?rest_route=\/wp\/v2\/types\/page"}],"author":[{"embeddable":true,"href":"https:\/\/www.neuhausm.ch\/index.php?rest_route=\/wp\/v2\/users\/2"}],"replies":[{"embeddable":true,"href":"https:\/\/www.neuhausm.ch\/index.php?rest_route=%2Fwp%2Fv2%2Fcomments&post=12"}],"version-history":[{"count":16,"href":"https:\/\/www.neuhausm.ch\/index.php?rest_route=\/wp\/v2\/pages\/12\/revisions"}],"predecessor-version":[{"id":1422,"href":"https:\/\/www.neuhausm.ch\/index.php?rest_route=\/wp\/v2\/pages\/12\/revisions\/1422"}],"wp:attachment":[{"href":"https:\/\/www.neuhausm.ch\/index.php?rest_route=%2Fwp%2Fv2%2Fmedia&parent=12"}],"curies":[{"name":"wp","href":"https:\/\/api.w.org\/{rel}","templated":true}]}}